{"id":3,"date":"2023-05-19T10:57:43","date_gmt":"2023-05-19T08:57:43","guid":{"rendered":"http:\/\/thibautpauleve.fr\/?page_id=3"},"modified":"2024-02-28T14:55:56","modified_gmt":"2024-02-28T13:55:56","slug":"politique-de-confidentialite","status":"publish","type":"page","link":"https:\/\/thibautpauleve.fr\/index.php\/politique-de-confidentialite\/","title":{"rendered":"Politique de confidentialit\u00e9"},"content":{"rendered":"\t\t<div data-elementor-type=\"wp-page\" data-elementor-id=\"3\" class=\"elementor elementor-3\" data-elementor-post-type=\"page\">\n\t\t\t\t<div class=\"elementor-element elementor-element-6951b986 e-con-full e-flex e-con e-parent\" data-id=\"6951b986\" data-element_type=\"container\" data-e-type=\"container\" data-settings=\"{&quot;background_background&quot;:&quot;classic&quot;}\">\n\t\t\t\t<div class=\"elementor-element elementor-element-3c0308df elementor-widget elementor-widget-text-editor\" data-id=\"3c0308df\" data-element_type=\"widget\" data-e-type=\"widget\" data-widget_type=\"text-editor.default\">\n\t\t\t\t<div class=\"elementor-widget-container\">\n\t\t\t\t\t\t\t\t\t<p><\/p>\n<h1 class=\"p1 wp-block-heading\">Politique de confidentialit\u00e9 et donn\u00e9es personnelles<\/h1>\n<p class=\"p2\">\u00a0<\/p>\n<p class=\"p3\"><span class=\"s1\">Derni\u00e8re mise \u00e0 jour : F\u00e9vrier 2024<br \/>La pr\u00e9sente politique de confidentialit\u00e9 d\u00e9finit et vous informe de la mani\u00e8re dont Thibaut Paulev\u00e9 utilise et prot\u00e8ge les informations que vous nous transmettez, le cas \u00e9ch\u00e9ant, lorsque vous utilisez le pr\u00e9sent site accessible \u00e0 partir de l\u2019URL suivante : <a href=\"https:\/\/thibautpauleve.fr\/\"><span class=\"s2\">https:\/\/thibautpauleve.fr\/<\/span><\/a><\/span><\/p>\n<p class=\"p2\">.<br \/>Veuillez noter que cette politique de confidentialit\u00e9 est susceptible d\u2019\u00eatre modifi\u00e9e ou compl\u00e9t\u00e9e \u00e0 tout moment par Thibaut Paulev\u00e9, notamment en vue de se conformer \u00e0 toute \u00e9volution l\u00e9gislative, r\u00e8glementaire, jurisprudentielle ou technologique. Dans un tel cas, la date de sa mise \u00e0 jour sera clairement identifi\u00e9e en t\u00eate de la pr\u00e9sente politique. Ces modifications engagent l\u2019Utilisateur d\u00e8s leur mise en ligne. Il convient par cons\u00e9quent que l\u2019Utilisateur consulte r\u00e9guli\u00e8rement la pr\u00e9sente politique de confidentialit\u00e9 et d\u2019utilisation des cookies afin de prendre connaissance de ses \u00e9ventuelles modifications.<\/p>\n<p class=\"p1\">Donn\u00e9es personnelles<\/p>\n<p class=\"p3\"><span class=\"s1\">D\u2019une mani\u00e8re g\u00e9n\u00e9rale, il vous est possible de visiter le site Thibaut Paulev\u00e9 sans communiquer aucune information personnelle vous concernant. En toute hypoth\u00e8se, vous \u00eates en aucune mani\u00e8re oblig\u00e9 de transmettre ces informations \u00e0 Thibaut Paulev\u00e9.<br \/>N\u00e9anmoins, en cas de refus, il se peut que vous ne puissiez pas b\u00e9n\u00e9ficier de certaines informations ou services que vous avez demand\u00e9. A ce titre en effet, Thibaut Paulev\u00e9 peut \u00eatre amen\u00e9 dans certains cas \u00e0 vous demander de renseigner vos nom, adresse mail et num\u00e9ro de t\u00e9l\u00e9phone, en particulier dans le formulaire de contact de la section contact. En fournissant ces informations, vous acceptez express\u00e9ment qu\u2019elles soient trait\u00e9es par<\/span> <span class=\"s1\">Thibaut Paulev\u00e9, aux fins indiqu\u00e9es au point 2 ci-dessous ainsi qu\u2019aux fins rappel\u00e9es \u00e0 la fin de chaque formulaire.<br \/>Conform\u00e9ment au R\u00e8glement G\u00e9n\u00e9ral sur la Protection des Donn\u00e9es (General Data Protection R\u00e9gulation) adopt\u00e9 par le Parlement europ\u00e9en le 14 avril 2016, et \u00e0 la Loi Informatique et Libert\u00e9s du 6 janvier 1978 modifi\u00e9e, Thibaut Paulev\u00e9 vous informe des points suivants :<\/span><\/p>\n<p class=\"p2\">\u00a0<\/p>\n<p class=\"p4\">#1<br \/>Identit\u00e9 du responsable du traitement<\/p>\n<p class=\"p3\"><span class=\"s1\">Le responsable du traitement est<\/span> <span class=\"s1\">Thibaut Paulev\u00e9, en sa qualit\u00e9 de g\u00e9rant, ayant son si\u00e8ge social au 58 Impasse des Girofl\u00e9es \u2013 34070 Montpellier \u2013 France. T\u00e9l. : 06 72 37 97 72<\/span><\/p>\n<p class=\"p4\">#2<br \/>Finalit\u00e9s du traitement<\/p>\n<p class=\"p2\">Thibaut Paulev\u00e9 est susceptible de traiter vos Informations Personnelles :<br \/>(a) aux fins de vous fournir les informations ou les services que vous avez demand\u00e9 (notamment : l\u2019envoi de la Newsletter) ; et\/ou<br \/>(b) aux fins de recueillir des informations nous permettant d\u2019am\u00e9liorer notre Site, nos produits et services (notamment par le biais de cookies) ; et\/ou<br \/>(c) aux fins de pouvoir vous contacter \u00e0 propos de diff\u00e9rents \u00e9v\u00e8nements relatifs \u00e0 l\u2019actualit\u00e9 de Thibaut Paulev\u00e9, incluant notamment la mise \u00e0 jour de ses services et r\u00e9alisations.<\/p>\n<p class=\"p4\">#3<br \/>Destinataires<\/p>\n<p class=\"p2\">Seul Thibaut Paulev\u00e9est destinataire de vos Informations Personnelles. Celles-ci, que ce soit sous forme individuelle ou agr\u00e9g\u00e9e, ne sont jamais transmises \u00e0 un tiers. Ni Thibaut Paulev\u00e9, ni l\u2019un quelconque de ses sous-traitants, ne proc\u00e8dent \u00e0 la commercialisation des donn\u00e9es personnelles des visiteurs et Utilisateurs de son Site.<\/p>\n<p class=\"p4\">#4<br \/>Dur\u00e9e de conservation<\/p>\n<p class=\"p2\">Vos Informations Personnelles sont conserv\u00e9es par Thibaut Paulev\u00e9 uniquement pour le temps correspondant \u00e0 la finalit\u00e9 de la collecte tel qu\u2019indiqu\u00e9 en 2 ci-dessus qui ne saurait en tout \u00e9tat de cause exc\u00e9der 24 mois.<\/p>\n<p class=\"p4\">#5<br \/>Droits informatique et libert\u00e9s<\/p>\n<p class=\"p2\">Vous disposez des droits suivants concernant vos Informations Personnelles, que vous pouvez exercer en nous \u00e9crivant \u00e0 l\u2019adresse postale mentionn\u00e9e au point 1 ou en remplissant le formulaire de notre page Contact.<br \/>Droit d\u2019acc\u00e8s et de communication des donn\u00e9es<br \/>Vous avez la facult\u00e9 d\u2019acc\u00e9der aux Informations Personnelles qui vous concernent. Cependant, en raison de l\u2019obligation de s\u00e9curit\u00e9 et de confidentialit\u00e9 dans le traitement des donn\u00e9es \u00e0 caract\u00e8re personnel qui incombe \u00e0 Thibaut Paulev\u00e9, vous \u00eates inform\u00e9 que votre demande sera trait\u00e9e sous r\u00e9serve que vous rapportiez la preuve de votre identit\u00e9, notamment par la production d\u2019un scan de votre titre d\u2019identit\u00e9 valide (en cas de demande par notre formulaire \u00e9lectronique d\u00e9di\u00e9) ou d\u2019une photocopie sign\u00e9e de votre titre d\u2019identit\u00e9 valide (en cas de demande adress\u00e9e par \u00e9crit).<br \/>Thibaut Paulev\u00e9 vous informe qu\u2019il sera en droit, le cas \u00e9ch\u00e9ant, de s\u2019opposer aux demandes manifestement abusives (de par leur nombre, leur caract\u00e8re r\u00e9p\u00e9titif ou syst\u00e9matique).<br \/>Pour vous aider dans votre d\u00e9marche, notamment si vous d\u00e9sirez exercer votre droit d\u2019acc\u00e8s par le biais d\u2019une demande \u00e9crite \u00e0 l\u2019adresse postale mentionn\u00e9e au point 1, vous trouverez en cliquant sur le lien suivant un mod\u00e8le de courrier \u00e9labor\u00e9 par la Commission Nationale de l\u2019Informatique et des Libert\u00e9s (la \u00ab CNIL \u00bb) : https:\/\/www.cnil.fr\/fr\/modele\/courrier\/exercer-son-droit-dacces<\/p>\n<p class=\"p1\">Droit d\u2019opposition<\/p>\n<p class=\"p2\">L\u2019exercice de ce droit n\u2019est possible que dans l\u2019une des deux situations suivantes :<br \/>Lorsque l\u2019exercice de ce droit est fond\u00e9 sur des motifs l\u00e9gitimes ; ou<br \/>Lorsque l\u2019exercice de ce droit vise \u00e0 faire obstacle \u00e0 ce que les donn\u00e9es recueillies soient utilis\u00e9es \u00e0 des fins de prospection commerciale.<br \/>Pour vous aider dans votre d\u00e9marche, notamment si vous d\u00e9sirez exercer votre droit d\u2019opposition par le biais d\u2019une demande \u00e9crite adress\u00e9e \u00e0 l\u2019adresse postale indiqu\u00e9e au point 1, vous trouverez en cliquant sur le lien suivant un mod\u00e8le de courrier \u00e9labor\u00e9 par la CNIL : https:\/\/www.cnil.fr\/fr\/modele\/courrier\/supprimer-des-informations-vous-concernant-dun-site-internet<\/p>\n<p class=\"p1\">D\u00e9lais de r\u00e9ponse<\/p>\n<p class=\"p2\">Thibaut Paulev\u00e9 s\u2019engage \u00e0 r\u00e9pondre \u00e0 votre demande d\u2019acc\u00e8s, de rectification ou d\u2019opposition ou toute autre demande compl\u00e9mentaire d\u2019informations dans un d\u00e9lai raisonnable qui ne saurait d\u00e9passer 1 mois \u00e0 compter de la r\u00e9ception de votre demande.<\/p>\n<p class=\"p1\">Plainte aupr\u00e8s de l\u2019autorit\u00e9 comp\u00e9tente<\/p>\n<p class=\"p2\">Si vous consid\u00e9rez que Thibaut Paulev\u00e9 ne respecte pas ses obligations au regard de vos Informations Personnelles, vous pouvez adresser une plainte ou une demande aupr\u00e8s de l\u2019autorit\u00e9 comp\u00e9tente. En France, l\u2019autorit\u00e9 comp\u00e9tente est la CNIL \u00e0 laquelle vous pouvez adresser une demande par voie \u00e9lectronique en cliquant sur le lien suivant : https:\/\/www.cnil.fr\/fr\/plaintes\/internet.<\/p>\n<h2>MENTIONS LEGALES<\/h2>\n<p class=\"p8\">#1 Publication<\/p>\n<p class=\"p9\">Conform\u00e9ment aux dispositions des articles 6-III et 19 de la loi pour la Confiance dans l\u2019\u00c9conomie Num\u00e9rique, nous vous informons que :<br \/>Le pr\u00e9sent site web est \u00e9dit\u00e9 par Thibaut Paulev\u00e9 dont le si\u00e8ge social est situ\u00e9 58 Impasse des Girofl\u00e9es \u2013 34070 Montpellier \u2013 France. T\u00e9l. : 06 72 37 97 72<br \/>Le directeur de la publication du site web est Thibaut Paulev\u00e9 en qualit\u00e9 de g\u00e9rant.<\/p>\n<p class=\"p8\">#2 Propri\u00e9t\u00e9 intellectuelle<\/p>\n<p class=\"p9\">Le site et chacun des \u00e9l\u00e9ments qui le compose (architecture, textes, photographies, illustrations, programmes informatiques\u2026) sont la propri\u00e9t\u00e9 de Thibaut Paulev\u00e9.<br \/>Tous les droits d\u2019utilisation sont r\u00e9serv\u00e9s. Conform\u00e9ment \u00e0 l\u2019article L.122-4 du code de la propri\u00e9t\u00e9 intellectuelle, toute reproduction totale ou partielle des textes, des \u00e9l\u00e9ments graphiques et photographiques, ou du logotype, effectu\u00e9e \u00e0 partir des \u00e9l\u00e9ments du site sur quelque support que ce soit, n\u2019est pas permise sans l\u2019autorisation expresse de Thibaut Paulev\u00e9. Dans le cas contraire, cela constituerait une contrefa\u00e7on sanctionn\u00e9e par la loi.<\/p>\n<p class=\"p8\">#3 Responsabilit\u00e9<\/p>\n<p class=\"p9\">Thibaut Paulev\u00e9 ne pourra \u00eatre tenue responsable pour quelque dommage que ce soit provenant d\u2019une connexion au Site et\/ou d\u2019une utilisation du Site, sous quelque forme que ce soit, que l\u2019utilisateur effectue sous sa seule responsabilit\u00e9.<br \/>Les sites auxquels l\u2019utilisateur peut acc\u00e9der \u00e0 partir de liens hypertextes sur le Site sont ind\u00e9pendants de Thibaut Paulev\u00e9 et exploit\u00e9s sous la responsabilit\u00e9 exclusive de leur auteur. Par ces liens, Thibaut Paulev\u00e9, ne prend aucun engagement, ni ne formule aucune d\u00e9claration quant auxdits sites et ne saurait en cons\u00e9quence assumer une quelconque responsabilit\u00e9 \u00e0 ce titre.<\/p>\n<p class=\"p8\">#4 Conception, r\u00e9alisation du site et photos<\/p>\n<p class=\"p9\">Le webdesign et le d\u00e9veloppement du site ont \u00e9t\u00e9 r\u00e9alis\u00e9s en interne par Lisa Dast\u00e9. Le site est administr\u00e9 gr\u00e2ce au CMS WordPress. Les photographies et pictogrammes ont \u00e9t\u00e9 r\u00e9alis\u00e9es par Lisa Dast\u00e9.<\/p>\n<p class=\"p8\">#5 H\u00e9bergement du site<\/p>\n<p class=\"p9\">Le site est h\u00e9berg\u00e9 par la soci\u00e9t\u00e9 OVH :<br \/>Le nom de domaine est h\u00e9berg\u00e9 par la soci\u00e9t\u00e9 OVH : http:\/\/www.ovh.com<br \/>OVH SAS au capital de 10 069 020 \u20ac RCS Lille M\u00e9tropole 424 761 419 00045<br \/>Si\u00e8ge social : 2 rue Kellermann \u2013 59100 Roubaix \u2013 France.<\/p>\n<p class=\"p8\">#6 Limitation de responsabilit\u00e9<\/p>\n<p class=\"p9\">L\u2019utilisateur reconna\u00eet avoir pris connaissance des pr\u00e9sentes conditions d\u2019utilisation et s\u2019engage \u00e0 les respecter.<br \/>L\u2019utilisateur du site internet comonlight.com reconna\u00eet disposer de la comp\u00e9tence et des moyens n\u00e9cessaires pour acc\u00e9der et utiliser ce site. En outre, il reconna\u00eet avoir v\u00e9rifi\u00e9 que la configuration informatique utilis\u00e9e ne contient aucun virus et qu\u2019elle est en parfait \u00e9tat de fonctionnement.<br \/>Thibaut Paulev\u00e9 met tout en \u0153uvre pour offrir aux utilisateurs des informations et\/ou des outils disponibles et v\u00e9rifi\u00e9s. Cependant, elle ne saurait \u00eatre tenue pour responsable d\u2019\u00e9ventuelles erreurs ou absence de disponibilit\u00e9 de fonctionnalit\u00e9s et\/ou de la pr\u00e9sence d\u2019un virus sur son site.<br \/>Les informations fournies par Thibaut Paulev\u00e9 le sont \u00e0 titre indicatif et ne sauraient dispenser l\u2019utilisateur d\u2019une analyse compl\u00e9mentaire et personnalis\u00e9e. Thibaut Paulev\u00e9 ne saurait garantir l\u2019exactitude, la compl\u00e9tude, l\u2019actualit\u00e9 des informations diffus\u00e9es sur son site.<br \/>En cons\u00e9quence, l\u2019utilisateur reconna\u00eet utiliser ces informations sous sa responsabilit\u00e9 exclusive.<\/p>\n<p class=\"p8\">#7 Information sur les cookies<\/p>\n<p class=\"p9\">L\u2019utilisateur est inform\u00e9 que lors de ses visites sur le site, un cookie peut s\u2019installer automatiquement sur son logiciel de navigation. Le cookie est un bloc de donn\u00e9es qui ne permet pas d\u2019identifier les utilisateurs mais sert \u00e0 enregistrer des informations relatives \u00e0 la navigation de celui-ci sur le site.<br \/>Le param\u00e9trage du logiciel de navigation permet d\u2019informer de la pr\u00e9sence de cookie et \u00e9ventuellement, de la refuser. L\u2019utilisateur dispose de l\u2019ensemble des droits susvis\u00e9s s\u2019agissant des donn\u00e9es \u00e0 caract\u00e8re personnel communiqu\u00e9es par le biais des cookies dans les conditions indiqu\u00e9es ci-dessus.<br \/>Les utilisateurs du site Internet oleagency.fr sont tenus de respecter les dispositions de la loi n\u00b078-17 du 6 janvier 1978 modifi\u00e9e, relative \u00e0 l\u2019informatique, aux fichiers et aux libert\u00e9s, dont la violation est passible de sanctions p\u00e9nales.<br \/>Ils doivent notamment s\u2019abstenir, s\u2019agissant des informations \u00e0 caract\u00e8re personnel auxquelles ils acc\u00e8dent ou pourraient acc\u00e9der, de toute collecte, de toute utilisation d\u00e9tourn\u00e9e d\u2019une mani\u00e8re g\u00e9n\u00e9rale, de tout acte susceptible de porter atteinte \u00e0 la vie priv\u00e9e ou \u00e0 la r\u00e9putation des personnes.<\/p>\n<p><\/p>\t\t\t\t\t\t\t\t<\/div>\n\t\t\t\t<\/div>\n\t\t\t\t<\/div>\n\t\t\t\t<\/div>\n\t\t","protected":false},"excerpt":{"rendered":"<p>Politique de confidentialit\u00e9 et donn\u00e9es personnelles \u00a0 Derni\u00e8re mise \u00e0 jour : F\u00e9vrier 2024La pr\u00e9sente politique de confidentialit\u00e9 d\u00e9finit et vous informe de la mani\u00e8re dont Thibaut Paulev\u00e9 utilise et prot\u00e8ge les informations que vous nous transmettez, le cas \u00e9ch\u00e9ant, lorsque vous utilisez le pr\u00e9sent site accessible \u00e0 partir de l\u2019URL suivante : https:\/\/thibautpauleve.fr\/ .Veuillez [&hellip;]<\/p>\n","protected":false},"author":1,"featured_media":0,"parent":0,"menu_order":0,"comment_status":"closed","ping_status":"open","template":"","meta":{"inline_featured_image":false,"footnotes":""},"class_list":["post-3","page","type-page","status-publish","hentry"],"yoast_head":"<!-- This site is optimized with the Yoast SEO plugin v27.3 - https:\/\/yoast.com\/product\/yoast-seo-wordpress\/ -->\n<title>Politique de confidentialit\u00e9 - Thibaut Paulev\u00e9<\/title>\n<meta name=\"robots\" content=\"index, follow, max-snippet:-1, max-image-preview:large, max-video-preview:-1\" \/>\n<link rel=\"canonical\" href=\"https:\/\/thibautpauleve.fr\/index.php\/politique-de-confidentialite\/\" \/>\n<meta property=\"og:locale\" content=\"fr_FR\" \/>\n<meta property=\"og:type\" content=\"article\" \/>\n<meta property=\"og:title\" content=\"Politique de confidentialit\u00e9 - Thibaut Paulev\u00e9\" \/>\n<meta property=\"og:description\" content=\"Politique de confidentialit\u00e9 et donn\u00e9es personnelles \u00a0 Derni\u00e8re mise \u00e0 jour : F\u00e9vrier 2024La pr\u00e9sente politique de confidentialit\u00e9 d\u00e9finit et vous informe de la mani\u00e8re dont Thibaut Paulev\u00e9 utilise et prot\u00e8ge les informations que vous nous transmettez, le cas \u00e9ch\u00e9ant, lorsque vous utilisez le pr\u00e9sent site accessible \u00e0 partir de l\u2019URL suivante : https:\/\/thibautpauleve.fr\/ .Veuillez [&hellip;]\" \/>\n<meta property=\"og:url\" content=\"https:\/\/thibautpauleve.fr\/index.php\/politique-de-confidentialite\/\" \/>\n<meta property=\"og:site_name\" content=\"Thibaut Paulev\u00e9\" \/>\n<meta property=\"article:modified_time\" content=\"2024-02-28T13:55:56+00:00\" \/>\n<meta name=\"twitter:card\" content=\"summary_large_image\" \/>\n<meta name=\"twitter:label1\" content=\"Dur\u00e9e de lecture estim\u00e9e\" \/>\n\t<meta name=\"twitter:data1\" content=\"9 minutes\" \/>\n<script type=\"application\/ld+json\" class=\"yoast-schema-graph\">{\"@context\":\"https:\\\/\\\/schema.org\",\"@graph\":[{\"@type\":\"WebPage\",\"@id\":\"https:\\\/\\\/thibautpauleve.fr\\\/index.php\\\/politique-de-confidentialite\\\/\",\"url\":\"https:\\\/\\\/thibautpauleve.fr\\\/index.php\\\/politique-de-confidentialite\\\/\",\"name\":\"Politique de confidentialit\u00e9 - Thibaut Paulev\u00e9\",\"isPartOf\":{\"@id\":\"https:\\\/\\\/thibautpauleve.fr\\\/#website\"},\"datePublished\":\"2023-05-19T08:57:43+00:00\",\"dateModified\":\"2024-02-28T13:55:56+00:00\",\"breadcrumb\":{\"@id\":\"https:\\\/\\\/thibautpauleve.fr\\\/index.php\\\/politique-de-confidentialite\\\/#breadcrumb\"},\"inLanguage\":\"fr-FR\",\"potentialAction\":[{\"@type\":\"ReadAction\",\"target\":[\"https:\\\/\\\/thibautpauleve.fr\\\/index.php\\\/politique-de-confidentialite\\\/\"]}]},{\"@type\":\"BreadcrumbList\",\"@id\":\"https:\\\/\\\/thibautpauleve.fr\\\/index.php\\\/politique-de-confidentialite\\\/#breadcrumb\",\"itemListElement\":[{\"@type\":\"ListItem\",\"position\":1,\"name\":\"Accueil\",\"item\":\"https:\\\/\\\/thibautpauleve.fr\\\/\"},{\"@type\":\"ListItem\",\"position\":2,\"name\":\"Politique de confidentialit\u00e9\"}]},{\"@type\":\"WebSite\",\"@id\":\"https:\\\/\\\/thibautpauleve.fr\\\/#website\",\"url\":\"https:\\\/\\\/thibautpauleve.fr\\\/\",\"name\":\"Thibaut Paulev\u00e9\",\"description\":\"Th\u00e9rapie Humaniste Int\u00e9grative\",\"publisher\":{\"@id\":\"https:\\\/\\\/thibautpauleve.fr\\\/#organization\"},\"potentialAction\":[{\"@type\":\"SearchAction\",\"target\":{\"@type\":\"EntryPoint\",\"urlTemplate\":\"https:\\\/\\\/thibautpauleve.fr\\\/?s={search_term_string}\"},\"query-input\":{\"@type\":\"PropertyValueSpecification\",\"valueRequired\":true,\"valueName\":\"search_term_string\"}}],\"inLanguage\":\"fr-FR\"},{\"@type\":\"Organization\",\"@id\":\"https:\\\/\\\/thibautpauleve.fr\\\/#organization\",\"name\":\"Thibaut Paulev\u00e9\",\"url\":\"https:\\\/\\\/thibautpauleve.fr\\\/\",\"logo\":{\"@type\":\"ImageObject\",\"inLanguage\":\"fr-FR\",\"@id\":\"https:\\\/\\\/thibautpauleve.fr\\\/#\\\/schema\\\/logo\\\/image\\\/\",\"url\":\"https:\\\/\\\/thibautpauleve.fr\\\/wp-content\\\/uploads\\\/2023\\\/11\\\/logo_thibaultpauleve_therapie_montpellier.svg\",\"contentUrl\":\"https:\\\/\\\/thibautpauleve.fr\\\/wp-content\\\/uploads\\\/2023\\\/11\\\/logo_thibaultpauleve_therapie_montpellier.svg\",\"width\":109,\"height\":135,\"caption\":\"Thibaut Paulev\u00e9\"},\"image\":{\"@id\":\"https:\\\/\\\/thibautpauleve.fr\\\/#\\\/schema\\\/logo\\\/image\\\/\"}}]}<\/script>\n<!-- \/ Yoast SEO plugin. -->","yoast_head_json":{"title":"Politique de confidentialit\u00e9 - Thibaut Paulev\u00e9","robots":{"index":"index","follow":"follow","max-snippet":"max-snippet:-1","max-image-preview":"max-image-preview:large","max-video-preview":"max-video-preview:-1"},"canonical":"https:\/\/thibautpauleve.fr\/index.php\/politique-de-confidentialite\/","og_locale":"fr_FR","og_type":"article","og_title":"Politique de confidentialit\u00e9 - Thibaut Paulev\u00e9","og_description":"Politique de confidentialit\u00e9 et donn\u00e9es personnelles \u00a0 Derni\u00e8re mise \u00e0 jour : F\u00e9vrier 2024La pr\u00e9sente politique de confidentialit\u00e9 d\u00e9finit et vous informe de la mani\u00e8re dont Thibaut Paulev\u00e9 utilise et prot\u00e8ge les informations que vous nous transmettez, le cas \u00e9ch\u00e9ant, lorsque vous utilisez le pr\u00e9sent site accessible \u00e0 partir de l\u2019URL suivante : https:\/\/thibautpauleve.fr\/ .Veuillez [&hellip;]","og_url":"https:\/\/thibautpauleve.fr\/index.php\/politique-de-confidentialite\/","og_site_name":"Thibaut Paulev\u00e9","article_modified_time":"2024-02-28T13:55:56+00:00","twitter_card":"summary_large_image","twitter_misc":{"Dur\u00e9e de lecture estim\u00e9e":"9 minutes"},"schema":{"@context":"https:\/\/schema.org","@graph":[{"@type":"WebPage","@id":"https:\/\/thibautpauleve.fr\/index.php\/politique-de-confidentialite\/","url":"https:\/\/thibautpauleve.fr\/index.php\/politique-de-confidentialite\/","name":"Politique de confidentialit\u00e9 - Thibaut Paulev\u00e9","isPartOf":{"@id":"https:\/\/thibautpauleve.fr\/#website"},"datePublished":"2023-05-19T08:57:43+00:00","dateModified":"2024-02-28T13:55:56+00:00","breadcrumb":{"@id":"https:\/\/thibautpauleve.fr\/index.php\/politique-de-confidentialite\/#breadcrumb"},"inLanguage":"fr-FR","potentialAction":[{"@type":"ReadAction","target":["https:\/\/thibautpauleve.fr\/index.php\/politique-de-confidentialite\/"]}]},{"@type":"BreadcrumbList","@id":"https:\/\/thibautpauleve.fr\/index.php\/politique-de-confidentialite\/#breadcrumb","itemListElement":[{"@type":"ListItem","position":1,"name":"Accueil","item":"https:\/\/thibautpauleve.fr\/"},{"@type":"ListItem","position":2,"name":"Politique de confidentialit\u00e9"}]},{"@type":"WebSite","@id":"https:\/\/thibautpauleve.fr\/#website","url":"https:\/\/thibautpauleve.fr\/","name":"Thibaut Paulev\u00e9","description":"Th\u00e9rapie Humaniste Int\u00e9grative","publisher":{"@id":"https:\/\/thibautpauleve.fr\/#organization"},"potentialAction":[{"@type":"SearchAction","target":{"@type":"EntryPoint","urlTemplate":"https:\/\/thibautpauleve.fr\/?s={search_term_string}"},"query-input":{"@type":"PropertyValueSpecification","valueRequired":true,"valueName":"search_term_string"}}],"inLanguage":"fr-FR"},{"@type":"Organization","@id":"https:\/\/thibautpauleve.fr\/#organization","name":"Thibaut Paulev\u00e9","url":"https:\/\/thibautpauleve.fr\/","logo":{"@type":"ImageObject","inLanguage":"fr-FR","@id":"https:\/\/thibautpauleve.fr\/#\/schema\/logo\/image\/","url":"https:\/\/thibautpauleve.fr\/wp-content\/uploads\/2023\/11\/logo_thibaultpauleve_therapie_montpellier.svg","contentUrl":"https:\/\/thibautpauleve.fr\/wp-content\/uploads\/2023\/11\/logo_thibaultpauleve_therapie_montpellier.svg","width":109,"height":135,"caption":"Thibaut Paulev\u00e9"},"image":{"@id":"https:\/\/thibautpauleve.fr\/#\/schema\/logo\/image\/"}}]}},"_links":{"self":[{"href":"https:\/\/thibautpauleve.fr\/index.php\/wp-json\/wp\/v2\/pages\/3","targetHints":{"allow":["GET"]}}],"collection":[{"href":"https:\/\/thibautpauleve.fr\/index.php\/wp-json\/wp\/v2\/pages"}],"about":[{"href":"https:\/\/thibautpauleve.fr\/index.php\/wp-json\/wp\/v2\/types\/page"}],"author":[{"embeddable":true,"href":"https:\/\/thibautpauleve.fr\/index.php\/wp-json\/wp\/v2\/users\/1"}],"replies":[{"embeddable":true,"href":"https:\/\/thibautpauleve.fr\/index.php\/wp-json\/wp\/v2\/comments?post=3"}],"version-history":[{"count":6,"href":"https:\/\/thibautpauleve.fr\/index.php\/wp-json\/wp\/v2\/pages\/3\/revisions"}],"predecessor-version":[{"id":479,"href":"https:\/\/thibautpauleve.fr\/index.php\/wp-json\/wp\/v2\/pages\/3\/revisions\/479"}],"wp:attachment":[{"href":"https:\/\/thibautpauleve.fr\/index.php\/wp-json\/wp\/v2\/media?parent=3"}],"curies":[{"name":"wp","href":"https:\/\/api.w.org\/{rel}","templated":true}]}}